{"id":669,"date":"2022-09-29T16:57:03","date_gmt":"2022-09-29T14:57:03","guid":{"rendered":"https:\/\/spirulinedynamisee.fr\/?page_id=669"},"modified":"2026-01-02T17:31:27","modified_gmt":"2026-01-02T16:31:27","slug":"boutique","status":"publish","type":"page","link":"https:\/\/spirulinedynamisee.fr\/?page_id=669","title":{"rendered":"Boutique"},"content":{"rendered":"\t\t<div data-elementor-type=\"wp-page\" data-elementor-id=\"669\" class=\"elementor elementor-669\" data-elementor-post-type=\"page\">\n\t\t\t\t\t\t\t\t\t<section class=\"elementor-section elementor-top-section elementor-element elementor-element-3a20f57 elementor-section-boxed elementor-section-height-default elementor-section-height-default\" data-id=\"3a20f57\" data-element_type=\"section\">\n\t\t\t\t\t\t<div class=\"elementor-container elementor-column-gap-default\">\n\t\t\t\t\t<div class=\"elementor-column elementor-col-100 elementor-top-column elementor-element elementor-element-b5bf0a0\" data-id=\"b5bf0a0\" data-element_type=\"column\">\n\t\t\t<div class=\"elementor-widget-wrap\">\n\t\t\t\t\t\t\t\t\t<\/div>\n\t\t<\/div>\n\t\t\t\t\t\t\t<\/div>\n\t\t<\/section>\n\t\t\t\t<section class=\"elementor-section elementor-top-section elementor-element elementor-element-e85a739 elementor-section-boxed elementor-section-height-default elementor-section-height-default\" data-id=\"e85a739\" data-element_type=\"section\">\n\t\t\t\t\t\t<div class=\"elementor-container elementor-column-gap-default\">\n\t\t\t\t\t<div class=\"elementor-column elementor-col-100 elementor-top-column elementor-element elementor-element-6db245b\" data-id=\"6db245b\" data-element_type=\"column\">\n\t\t\t<div class=\"elementor-widget-wrap\">\n\t\t\t\t\t\t\t\t\t<\/div>\n\t\t<\/div>\n\t\t\t\t\t\t\t<\/div>\n\t\t<\/section>\n\t\t\t\t<section class=\"elementor-section elementor-top-section elementor-element elementor-element-a331030 elementor-section-boxed elementor-section-height-default elementor-section-height-default\" data-id=\"a331030\" data-element_type=\"section\">\n\t\t\t\t\t\t<div class=\"elementor-container elementor-column-gap-default\">\n\t\t\t\t\t<div class=\"elementor-column elementor-col-100 elementor-top-column elementor-element elementor-element-7f75c2d\" data-id=\"7f75c2d\" data-element_type=\"column\">\n\t\t\t<div class=\"elementor-widget-wrap elementor-element-populated\">\n\t\t\t\t\t\t\t\t<div class=\"elementor-element elementor-element-44fdcc7 elementor-widget elementor-widget-spacer\" data-id=\"44fdcc7\" data-element_type=\"widget\" data-widget_type=\"spacer.default\">\n\t\t\t\t<div class=\"elementor-widget-container\">\n\t\t\t\t\t<div class=\"elementor-spacer\">\n\t\t\t<div class=\"elementor-spacer-inner\"><\/div>\n\t\t<\/div>\n\t\t\t\t<\/div>\n\t\t\t\t<\/div>\n\t\t\t\t\t<\/div>\n\t\t<\/div>\n\t\t\t\t\t\t\t<\/div>\n\t\t<\/section>\n\t\t\t\t<section class=\"elementor-section elementor-top-section elementor-element elementor-element-3583559 elementor-section-full_width elementor-section-content-middle elementor-section-height-default elementor-section-height-default\" data-id=\"3583559\" data-element_type=\"section\" data-settings=\"{&quot;background_background&quot;:&quot;classic&quot;}\">\n\t\t\t\t\t\t<div class=\"elementor-container elementor-column-gap-no\">\n\t\t\t\t\t<div class=\"elementor-column elementor-col-100 elementor-top-column elementor-element elementor-element-6dad9fd\" data-id=\"6dad9fd\" data-element_type=\"column\">\n\t\t\t<div class=\"elementor-widget-wrap elementor-element-populated\">\n\t\t\t\t\t\t\t\t<div class=\"elementor-element elementor-element-617a7e8 elementor-pagination-position-inside elementor-skin-carousel elementor-arrows-yes elementor-pagination-type-bullets elementor-widget elementor-widget-media-carousel\" data-id=\"617a7e8\" data-element_type=\"widget\" data-settings=\"{&quot;slides_per_view&quot;:&quot;1&quot;,&quot;autoplay_speed&quot;:4000,&quot;speed&quot;:400,&quot;space_between&quot;:{&quot;unit&quot;:&quot;px&quot;,&quot;size&quot;:0,&quot;sizes&quot;:[]},&quot;skin&quot;:&quot;carousel&quot;,&quot;effect&quot;:&quot;slide&quot;,&quot;show_arrows&quot;:&quot;yes&quot;,&quot;pagination&quot;:&quot;bullets&quot;,&quot;autoplay&quot;:&quot;yes&quot;,&quot;loop&quot;:&quot;yes&quot;,&quot;pause_on_interaction&quot;:&quot;yes&quot;,&quot;space_between_tablet&quot;:{&quot;unit&quot;:&quot;px&quot;,&quot;size&quot;:10,&quot;sizes&quot;:[]},&quot;space_between_mobile&quot;:{&quot;unit&quot;:&quot;px&quot;,&quot;size&quot;:10,&quot;sizes&quot;:[]}}\" data-widget_type=\"media-carousel.default\">\n\t\t\t\t<div class=\"elementor-widget-container\">\n\t\t\t\t\t<div class=\"elementor-swiper\">\n\t\t\t<div class=\"elementor-main-swiper swiper-container\">\n\t\t\t\t<div class=\"swiper-wrapper\">\n\t\t\t\t\t\t\t\t\t\t\t<div class=\"swiper-slide\">\n\t\t\t\t\t\t\t\t\t<div class=\"elementor-carousel-image\" role=\"img\" aria-label=\"apport spiruline\" style=\"background-image: url(&#039;https:\/\/spirulinedynamisee.fr\/wp-content\/uploads\/2022\/03\/apport-spiruline-e1668693573439.png&#039;)\">\n\n\t\t\t\n\t\t\t\t\t<\/div>\n\t\t\t\t\t\t\t\t<\/div>\n\t\t\t\t\t\t\t\t\t\t\t<div class=\"swiper-slide\">\n\t\t\t\t\t\t\t\t\t<div class=\"elementor-carousel-image\" role=\"img\" aria-label=\"Phycocyanine\" style=\"background-image: url(&#039;https:\/\/spirulinedynamisee.fr\/wp-content\/uploads\/2022\/03\/Phycocyanine-e1668693595706-300x212.png&#039;)\">\n\n\t\t\t\n\t\t\t\t\t<\/div>\n\t\t\t\t\t\t\t\t<\/div>\n\t\t\t\t\t\t\t\t\t\t\t<div class=\"swiper-slide\">\n\t\t\t\t\t\t\t\t\t<div class=\"elementor-carousel-image\" role=\"img\" aria-label=\"spiruline dynamis\u00e9e\" style=\"background-image: url(&#039;https:\/\/spirulinedynamisee.fr\/wp-content\/uploads\/2022\/10\/spiruline-dynamisee-e1668693238367-300x212.png&#039;)\">\n\n\t\t\t\n\t\t\t\t\t<\/div>\n\t\t\t\t\t\t\t\t<\/div>\n\t\t\t\t\t\t\t\t\t<\/div>\n\t\t\t\t\t\t\t\t\t\t\t\t\t\t\t<div class=\"swiper-pagination\"><\/div>\n\t\t\t\t\t\t\t\t\t\t\t\t\t\t\t\t<div class=\"elementor-swiper-button elementor-swiper-button-prev\" role=\"button\" tabindex=\"0\">\n\t\t\t\t\t\t\t<i aria-hidden=\"true\" class=\"eicon-chevron-left\"><\/i>\t\t\t\t\t\t\t<span class=\"elementor-screen-only\">Pr\u00e9c\u00e9dent<\/span>\n\t\t\t\t\t\t<\/div>\n\t\t\t\t\t\t<div class=\"elementor-swiper-button elementor-swiper-button-next\" role=\"button\" tabindex=\"0\">\n\t\t\t\t\t\t\t<i aria-hidden=\"true\" class=\"eicon-chevron-right\"><\/i>\t\t\t\t\t\t\t<span class=\"elementor-screen-only\">Suivant<\/span>\n\t\t\t\t\t\t<\/div>\n\t\t\t\t\t\t\t\t\t\t\t\t<\/div>\n\t\t<\/div>\n\t\t\t\t<\/div>\n\t\t\t\t<\/div>\n\t\t\t\t<div class=\"elementor-element elementor-element-5c42f25 elementor-grid-3 elementor-product-loop-item--align-center elementor-widget__width-inherit elementor-widget-mobile__width-inherit elementor-grid-tablet-3 elementor-grid-mobile-2 elementor-products-grid elementor-wc-products elementor-widget elementor-widget-woocommerce-products\" data-id=\"5c42f25\" data-element_type=\"widget\" data-widget_type=\"woocommerce-products.default\">\n\t\t\t\t<div class=\"elementor-widget-container\">\n\t\t\t<div class=\"woocommerce columns-3 \"><ul class=\"products elementor-grid columns-3\">\n<li class=\"product type-product post-467 status-publish first instock product_cat-spiruline-paillettes has-post-thumbnail featured purchasable product-type-simple\">\r\n  <div class=\"shop-product text-center\">\r\n\t\t\t\t<div class=\"product-img\">\r\n\t\t\t<a href=\"https:\/\/spirulinedynamisee.fr\/?product=spiruline-100g\">\r\n\t\t\t\t<img loading=\"lazy\" decoding=\"async\" width=\"500\" height=\"667\" src=\"https:\/\/spirulinedynamisee.fr\/wp-content\/uploads\/2022\/03\/spiruline_paillettes_100g-scaled-e1668693459871.jpg\" class=\"attachment-post-thumbnail size-post-thumbnail wp-post-image\" alt=\"\" \/>\t\t\t<\/a>\t\r\n\t\t<\/div>\r\n\t\t\t\t<h5><a href=\"https:\/\/spirulinedynamisee.fr\/?product=spiruline-100g\">\ud83d\udc41  Spiruline (100g)<\/a><\/h5>\r\n\t\t<div class=\"price\"><span class=\"woocommerce-Price-amount amount\"><bdi>19,00&nbsp;<span class=\"woocommerce-Price-currencySymbol\">&euro;<\/span><\/bdi><\/span><\/div>\r\n\t\t<div class=\"product-action\">\r\n\t\t\t<div class=\"button-cart\">\r\n\t\t\t\t<a href=\"?add-to-cart=467\" aria-describedby=\"woocommerce_loop_add_to_cart_link_describedby_467\" data-quantity=\"1\" class=\"button product_type_simple add_to_cart_button ajax_add_to_cart\" data-product_id=\"467\" data-product_sku=\"\" aria-label=\"Ajouter au panier\u00a0: &ldquo;\ud83d\udc41  Spiruline (100g)&rdquo;\" rel=\"nofollow\" data-success_message=\"\u00ab\u00a0\ud83d\udc41  Spiruline (100g)\u00a0\u00bb a \u00e9t\u00e9 ajout\u00e9 \u00e0 votre panier\">Ajouter au panier<\/a>\t<span id=\"woocommerce_loop_add_to_cart_link_describedby_467\" class=\"screen-reader-text\">\n\t\t\t<\/span>\n\t\t\t<\/div>\r\n\t\t<\/div>\r\n\t<\/div>\r\n<\/li>\r\n\r\n\t\t<li class=\"product type-product post-1397 status-publish instock product_cat-spiruline-paillettes has-post-thumbnail featured purchasable product-type-simple\">\r\n  <div class=\"shop-product text-center\">\r\n\t\t\t\t<div class=\"product-img\">\r\n\t\t\t<a href=\"https:\/\/spirulinedynamisee.fr\/?product=%f0%9f%91%81-spiruline-250g\">\r\n\t\t\t\t<img loading=\"lazy\" decoding=\"async\" width=\"500\" height=\"667\" src=\"https:\/\/spirulinedynamisee.fr\/wp-content\/uploads\/2022\/03\/spiruline_paillettes_500g-scaled-e1668693377281.jpg\" class=\"attachment-post-thumbnail size-post-thumbnail wp-post-image\" alt=\"\" \/>\t\t\t<\/a>\t\r\n\t\t<\/div>\r\n\t\t\t\t<h5><a href=\"https:\/\/spirulinedynamisee.fr\/?product=%f0%9f%91%81-spiruline-250g\">\ud83d\udc41 Spiruline (250g)<\/a><\/h5>\r\n\t\t<div class=\"price\"><span class=\"woocommerce-Price-amount amount\"><bdi>45,00&nbsp;<span class=\"woocommerce-Price-currencySymbol\">&euro;<\/span><\/bdi><\/span><\/div>\r\n\t\t<div class=\"product-action\">\r\n\t\t\t<div class=\"button-cart\">\r\n\t\t\t\t<a href=\"?add-to-cart=1397\" aria-describedby=\"woocommerce_loop_add_to_cart_link_describedby_1397\" data-quantity=\"1\" class=\"button product_type_simple add_to_cart_button ajax_add_to_cart\" data-product_id=\"1397\" data-product_sku=\"\" aria-label=\"Ajouter au panier\u00a0: &ldquo;\ud83d\udc41 Spiruline (250g)&rdquo;\" rel=\"nofollow\" data-success_message=\"\u00ab\u00a0\ud83d\udc41 Spiruline (250g)\u00a0\u00bb a \u00e9t\u00e9 ajout\u00e9 \u00e0 votre panier\">Ajouter au panier<\/a>\t<span id=\"woocommerce_loop_add_to_cart_link_describedby_1397\" class=\"screen-reader-text\">\n\t\t\t<\/span>\n\t\t\t<\/div>\r\n\t\t<\/div>\r\n\t<\/div>\r\n<\/li>\r\n\r\n\t\t<li class=\"product type-product post-470 status-publish last instock product_cat-spiruline-paillettes has-post-thumbnail featured purchasable product-type-simple\">\r\n  <div class=\"shop-product text-center\">\r\n\t\t\t\t<div class=\"product-img\">\r\n\t\t\t<a href=\"https:\/\/spirulinedynamisee.fr\/?product=spiruline-500g\">\r\n\t\t\t\t<img loading=\"lazy\" decoding=\"async\" width=\"500\" height=\"667\" src=\"https:\/\/spirulinedynamisee.fr\/wp-content\/uploads\/2022\/03\/spiruline_paillettes_500g-scaled-e1668693377281.jpg\" class=\"attachment-post-thumbnail size-post-thumbnail wp-post-image\" alt=\"\" \/>\t\t\t<\/a>\t\r\n\t\t<\/div>\r\n\t\t\t\t<h5><a href=\"https:\/\/spirulinedynamisee.fr\/?product=spiruline-500g\">\ud83d\udc41 Spiruline (500g)<\/a><\/h5>\r\n\t\t<div class=\"price\"><span class=\"woocommerce-Price-amount amount\"><bdi>79,00&nbsp;<span class=\"woocommerce-Price-currencySymbol\">&euro;<\/span><\/bdi><\/span><\/div>\r\n\t\t<div class=\"product-action\">\r\n\t\t\t<div class=\"button-cart\">\r\n\t\t\t\t<a href=\"?add-to-cart=470\" aria-describedby=\"woocommerce_loop_add_to_cart_link_describedby_470\" data-quantity=\"1\" class=\"button product_type_simple add_to_cart_button ajax_add_to_cart\" data-product_id=\"470\" data-product_sku=\"\" aria-label=\"Ajouter au panier\u00a0: &ldquo;\ud83d\udc41 Spiruline (500g)&rdquo;\" rel=\"nofollow\" data-success_message=\"\u00ab\u00a0\ud83d\udc41 Spiruline (500g)\u00a0\u00bb a \u00e9t\u00e9 ajout\u00e9 \u00e0 votre panier\">Ajouter au panier<\/a>\t<span id=\"woocommerce_loop_add_to_cart_link_describedby_470\" class=\"screen-reader-text\">\n\t\t\t<\/span>\n\t\t\t<\/div>\r\n\t\t<\/div>\r\n\t<\/div>\r\n<\/li>\r\n\r\n\t\t<\/ul>\n<\/div>\t\t<\/div>\n\t\t\t\t<\/div>\n\t\t\t\t\t<\/div>\n\t\t<\/div>\n\t\t\t\t\t\t\t<\/div>\n\t\t<\/section>\n\t\t\t\t<section class=\"elementor-section elementor-top-section elementor-element elementor-element-cc77f45 elementor-section-boxed elementor-section-height-default elementor-section-height-default\" data-id=\"cc77f45\" data-element_type=\"section\" data-settings=\"{&quot;background_background&quot;:&quot;classic&quot;}\">\n\t\t\t\t\t\t<div class=\"elementor-container elementor-column-gap-default\">\n\t\t\t\t\t<div class=\"elementor-column elementor-col-100 elementor-top-column elementor-element elementor-element-0bbc75f\" data-id=\"0bbc75f\" data-element_type=\"column\">\n\t\t\t<div class=\"elementor-widget-wrap elementor-element-populated\">\n\t\t\t\t\t\t\t\t<div class=\"elementor-element elementor-element-e3c6c05 elementor-widget elementor-widget-text-editor\" data-id=\"e3c6c05\" data-element_type=\"widget\" data-widget_type=\"text-editor.default\">\n\t\t\t\t<div class=\"elementor-widget-container\">\n\t\t\t\t\t\t\t<p style=\"text-align: right;\"><span style=\"color: #ff0000;\"><a style=\"color: #ff0000;\" href=\"https:\/\/spirulinedynamisee.fr\/?page_id=1136\">CGV<\/a><\/span><\/p>\t\t\t\t\t\t<\/div>\n\t\t\t\t<\/div>\n\t\t\t\t\t<\/div>\n\t\t<\/div>\n\t\t\t\t\t\t\t<\/div>\n\t\t<\/section>\n\t\t\t\t\t\t\t<\/div>\n\t\t","protected":false},"excerpt":{"rendered":"<p>Pr\u00e9c\u00e9dent Suivant CGV<\/p>\n","protected":false},"author":1,"featured_media":0,"parent":0,"menu_order":0,"comment_status":"closed","ping_status":"closed","template":"","meta":{"footnotes":""},"class_list":["post-669","page","type-page","status-publish","hentry"],"yoast_head":"<!-- This site is optimized with the Yoast SEO plugin v21.1 - https:\/\/yoast.com\/wordpress\/plugins\/seo\/ -->\n<title>Boutique - Spiruline<\/title>\n<meta name=\"robots\" content=\"index, follow, max-snippet:-1, max-image-preview:large, max-video-preview:-1\" \/>\n<link rel=\"canonical\" href=\"https:\/\/spirulinedynamisee.fr\/?page_id=669\" \/>\n<meta property=\"og:locale\" content=\"fr_FR\" \/>\n<meta property=\"og:type\" content=\"article\" \/>\n<meta property=\"og:title\" content=\"Boutique - Spiruline\" \/>\n<meta property=\"og:description\" content=\"Pr\u00e9c\u00e9dent Suivant CGV\" \/>\n<meta property=\"og:url\" content=\"https:\/\/spirulinedynamisee.fr\/?page_id=669\" \/>\n<meta property=\"og:site_name\" content=\"Spiruline\" \/>\n<meta property=\"article:modified_time\" content=\"2026-01-02T16:31:27+00:00\" \/>\n<meta name=\"twitter:card\" content=\"summary_large_image\" \/>\n<meta name=\"twitter:label1\" content=\"Dur\u00e9e de lecture estim\u00e9e\" \/>\n\t<meta name=\"twitter:data1\" content=\"2 minutes\" \/>\n<script type=\"application\/ld+json\" class=\"yoast-schema-graph\">{\"@context\":\"https:\/\/schema.org\",\"@graph\":[{\"@type\":\"WebPage\",\"@id\":\"https:\/\/spirulinedynamisee.fr\/?page_id=669\",\"url\":\"https:\/\/spirulinedynamisee.fr\/?page_id=669\",\"name\":\"Boutique - Spiruline\",\"isPartOf\":{\"@id\":\"https:\/\/spirulinedynamisee.fr\/#website\"},\"datePublished\":\"2022-09-29T14:57:03+00:00\",\"dateModified\":\"2026-01-02T16:31:27+00:00\",\"breadcrumb\":{\"@id\":\"https:\/\/spirulinedynamisee.fr\/?page_id=669#breadcrumb\"},\"inLanguage\":\"fr-FR\",\"potentialAction\":[{\"@type\":\"ReadAction\",\"target\":[\"https:\/\/spirulinedynamisee.fr\/?page_id=669\"]}]},{\"@type\":\"BreadcrumbList\",\"@id\":\"https:\/\/spirulinedynamisee.fr\/?page_id=669#breadcrumb\",\"itemListElement\":[{\"@type\":\"ListItem\",\"position\":1,\"name\":\"Accueil\",\"item\":\"https:\/\/spirulinedynamisee.fr\/\"},{\"@type\":\"ListItem\",\"position\":2,\"name\":\"Boutique\"}]},{\"@type\":\"WebSite\",\"@id\":\"https:\/\/spirulinedynamisee.fr\/#website\",\"url\":\"https:\/\/spirulinedynamisee.fr\/\",\"name\":\"Spiruline\",\"description\":\"Domaine Valetou 11270 La Cassaigne\",\"publisher\":{\"@id\":\"https:\/\/spirulinedynamisee.fr\/#organization\"},\"potentialAction\":[{\"@type\":\"SearchAction\",\"target\":{\"@type\":\"EntryPoint\",\"urlTemplate\":\"https:\/\/spirulinedynamisee.fr\/?s={search_term_string}\"},\"query-input\":\"required name=search_term_string\"}],\"inLanguage\":\"fr-FR\"},{\"@type\":\"Organization\",\"@id\":\"https:\/\/spirulinedynamisee.fr\/#organization\",\"name\":\"Spiruline\",\"url\":\"https:\/\/spirulinedynamisee.fr\/\",\"logo\":{\"@type\":\"ImageObject\",\"inLanguage\":\"fr-FR\",\"@id\":\"https:\/\/spirulinedynamisee.fr\/#\/schema\/logo\/image\/\",\"url\":\"https:\/\/spirulinedynamisee.fr\/wp-content\/uploads\/2021\/06\/cropped-Favicon-e1668691589587.png\",\"contentUrl\":\"https:\/\/spirulinedynamisee.fr\/wp-content\/uploads\/2021\/06\/cropped-Favicon-e1668691589587.png\",\"width\":50,\"height\":50,\"caption\":\"Spiruline\"},\"image\":{\"@id\":\"https:\/\/spirulinedynamisee.fr\/#\/schema\/logo\/image\/\"}}]}<\/script>\n<!-- \/ Yoast SEO plugin. -->","yoast_head_json":{"title":"Boutique - Spiruline","robots":{"index":"index","follow":"follow","max-snippet":"max-snippet:-1","max-image-preview":"max-image-preview:large","max-video-preview":"max-video-preview:-1"},"canonical":"https:\/\/spirulinedynamisee.fr\/?page_id=669","og_locale":"fr_FR","og_type":"article","og_title":"Boutique - Spiruline","og_description":"Pr\u00e9c\u00e9dent Suivant CGV","og_url":"https:\/\/spirulinedynamisee.fr\/?page_id=669","og_site_name":"Spiruline","article_modified_time":"2026-01-02T16:31:27+00:00","twitter_card":"summary_large_image","twitter_misc":{"Dur\u00e9e de lecture estim\u00e9e":"2 minutes"},"schema":{"@context":"https:\/\/schema.org","@graph":[{"@type":"WebPage","@id":"https:\/\/spirulinedynamisee.fr\/?page_id=669","url":"https:\/\/spirulinedynamisee.fr\/?page_id=669","name":"Boutique - Spiruline","isPartOf":{"@id":"https:\/\/spirulinedynamisee.fr\/#website"},"datePublished":"2022-09-29T14:57:03+00:00","dateModified":"2026-01-02T16:31:27+00:00","breadcrumb":{"@id":"https:\/\/spirulinedynamisee.fr\/?page_id=669#breadcrumb"},"inLanguage":"fr-FR","potentialAction":[{"@type":"ReadAction","target":["https:\/\/spirulinedynamisee.fr\/?page_id=669"]}]},{"@type":"BreadcrumbList","@id":"https:\/\/spirulinedynamisee.fr\/?page_id=669#breadcrumb","itemListElement":[{"@type":"ListItem","position":1,"name":"Accueil","item":"https:\/\/spirulinedynamisee.fr\/"},{"@type":"ListItem","position":2,"name":"Boutique"}]},{"@type":"WebSite","@id":"https:\/\/spirulinedynamisee.fr\/#website","url":"https:\/\/spirulinedynamisee.fr\/","name":"Spiruline","description":"Domaine Valetou 11270 La Cassaigne","publisher":{"@id":"https:\/\/spirulinedynamisee.fr\/#organization"},"potentialAction":[{"@type":"SearchAction","target":{"@type":"EntryPoint","urlTemplate":"https:\/\/spirulinedynamisee.fr\/?s={search_term_string}"},"query-input":"required name=search_term_string"}],"inLanguage":"fr-FR"},{"@type":"Organization","@id":"https:\/\/spirulinedynamisee.fr\/#organization","name":"Spiruline","url":"https:\/\/spirulinedynamisee.fr\/","logo":{"@type":"ImageObject","inLanguage":"fr-FR","@id":"https:\/\/spirulinedynamisee.fr\/#\/schema\/logo\/image\/","url":"https:\/\/spirulinedynamisee.fr\/wp-content\/uploads\/2021\/06\/cropped-Favicon-e1668691589587.png","contentUrl":"https:\/\/spirulinedynamisee.fr\/wp-content\/uploads\/2021\/06\/cropped-Favicon-e1668691589587.png","width":50,"height":50,"caption":"Spiruline"},"image":{"@id":"https:\/\/spirulinedynamisee.fr\/#\/schema\/logo\/image\/"}}]}},"jetpack_sharing_enabled":true,"_links":{"self":[{"href":"https:\/\/spirulinedynamisee.fr\/index.php?rest_route=\/wp\/v2\/pages\/669","targetHints":{"allow":["GET"]}}],"collection":[{"href":"https:\/\/spirulinedynamisee.fr\/index.php?rest_route=\/wp\/v2\/pages"}],"about":[{"href":"https:\/\/spirulinedynamisee.fr\/index.php?rest_route=\/wp\/v2\/types\/page"}],"author":[{"embeddable":true,"href":"https:\/\/spirulinedynamisee.fr\/index.php?rest_route=\/wp\/v2\/users\/1"}],"replies":[{"embeddable":true,"href":"https:\/\/spirulinedynamisee.fr\/index.php?rest_route=%2Fwp%2Fv2%2Fcomments&post=669"}],"version-history":[{"count":167,"href":"https:\/\/spirulinedynamisee.fr\/index.php?rest_route=\/wp\/v2\/pages\/669\/revisions"}],"predecessor-version":[{"id":1687,"href":"https:\/\/spirulinedynamisee.fr\/index.php?rest_route=\/wp\/v2\/pages\/669\/revisions\/1687"}],"wp:attachment":[{"href":"https:\/\/spirulinedynamisee.fr\/index.php?rest_route=%2Fwp%2Fv2%2Fmedia&parent=669"}],"curies":[{"name":"wp","href":"https:\/\/api.w.org\/{rel}","templated":true}]}}