{"id":467,"date":"2022-03-28T16:52:11","date_gmt":"2022-03-28T14:52:11","guid":{"rendered":"https:\/\/spirulinedynamisee.fr\/?post_type=product&#038;p=467"},"modified":"2022-11-30T11:27:56","modified_gmt":"2022-11-30T10:27:56","slug":"spiruline-100g","status":"publish","type":"product","link":"https:\/\/spirulinedynamisee.fr\/?product=spiruline-100g","title":{"rendered":"\ud83d\udc41  Spiruline (100g)"},"content":{"rendered":"<p>Sous forme de paillettes, cette algue r\u00e9put\u00e9e pour son incroyable taux de prot\u00e9ines v\u00e9g\u00e9tales, de vitamines et de min\u00e9raux, apportera son croquant \u00e0 vos pr\u00e9parations\u00a0!<\/p>\n<p><strong>COMMENT LA CONSOMMER<\/strong><\/p>\n<div class=\"page\" title=\"Page 15\">\n<div class=\"section\">\n<div class=\"layoutArea\">\n<div class=\"column\">\n<ul>\n<li>\u00ab Il n&rsquo;y a aucun risque de surdosage et je recommande de l&rsquo;utiliser re\u0301gulie\u0300rement en modulant la quantite\u0301:<\/li>\n<li>3g par jour pour le bien portant<\/li>\n<li>5g en cas de fatigue ou de maladie en cours,<\/li>\n<\/ul>\n<p>10g par jour en pe\u0301riode de surmenage, lors de maladie grave, en compe\u0301tition chez le sportif, durant la grossesse et l&rsquo;allaitement. \u00bb<\/p>\n<p>Dr Jean Dupire Nutritionniste, home\u0301opathe<\/p>\n<p><span style=\"color: #000000;\">Emballage herm\u00e9tique \u00e0 la lumi\u00e8re et \u00e0 l&rsquo;humidit\u00e9 et refermable.<\/span><\/p>\n<\/div>\n<\/div>\n<\/div>\n<\/div>\n","protected":false},"excerpt":{"rendered":"<div style=\"text-align: center;\">1 sachet de 100g de Spiruline dynamis\u00e9e en paillette Fran\u00e7aise\u00a0de haute qualit\u00e9, 100% naturelle, cultiv\u00e9e, s\u00e9ch\u00e9e et conditionn\u00e9e \u00e0 la Ferme.<\/div>\n<div style=\"text-align: center;\">Livr\u00e9e dans un sachet de protection refermable.<\/div>\n","protected":false},"featured_media":588,"template":"","meta":[],"product_brand":[],"product_cat":[34],"product_tag":[],"class_list":{"0":"post-467","1":"product","2":"type-product","3":"status-publish","4":"has-post-thumbnail","6":"product_cat-spiruline-paillettes","8":"first","9":"instock","10":"featured","11":"purchasable","12":"product-type-simple"},"yoast_head":"<!-- This site is optimized with the Yoast SEO plugin v21.1 - https:\/\/yoast.com\/wordpress\/plugins\/seo\/ -->\n<title>\ud83d\udc41 Spiruline (100g) - Spiruline<\/title>\n<meta name=\"robots\" content=\"index, follow, max-snippet:-1, max-image-preview:large, max-video-preview:-1\" \/>\n<link rel=\"canonical\" href=\"https:\/\/spirulinedynamisee.fr\/?product=spiruline-100g\" \/>\n<meta property=\"og:locale\" content=\"fr_FR\" \/>\n<meta property=\"og:type\" content=\"article\" \/>\n<meta property=\"og:title\" content=\"\ud83d\udc41 Spiruline (100g) - Spiruline\" \/>\n<meta property=\"og:description\" content=\"1 sachet de 100g de Spiruline dynamis\u00e9e en paillette Fran\u00e7aise\u00a0de haute qualit\u00e9, 100% naturelle, cultiv\u00e9e, s\u00e9ch\u00e9e et conditionn\u00e9e \u00e0 la Ferme. Livr\u00e9e dans un sachet de protection refermable.\" \/>\n<meta property=\"og:url\" content=\"https:\/\/spirulinedynamisee.fr\/?product=spiruline-100g\" \/>\n<meta property=\"og:site_name\" content=\"Spiruline\" \/>\n<meta property=\"article:modified_time\" content=\"2022-11-30T10:27:56+00:00\" \/>\n<meta property=\"og:image\" content=\"https:\/\/spirulinedynamisee.fr\/wp-content\/uploads\/2022\/03\/spiruline_paillettes_100g-scaled-e1668693459871.jpg\" \/>\n\t<meta property=\"og:image:width\" content=\"500\" \/>\n\t<meta property=\"og:image:height\" content=\"667\" \/>\n\t<meta property=\"og:image:type\" content=\"image\/jpeg\" \/>\n<meta name=\"twitter:card\" content=\"summary_large_image\" \/>\n<meta name=\"twitter:label1\" content=\"Dur\u00e9e de lecture estim\u00e9e\" \/>\n\t<meta name=\"twitter:data1\" content=\"1 minute\" \/>\n<script type=\"application\/ld+json\" class=\"yoast-schema-graph\">{\"@context\":\"https:\/\/schema.org\",\"@graph\":[{\"@type\":\"WebPage\",\"@id\":\"https:\/\/spirulinedynamisee.fr\/?product=spiruline-100g\",\"url\":\"https:\/\/spirulinedynamisee.fr\/?product=spiruline-100g\",\"name\":\"\ud83d\udc41 Spiruline (100g) - Spiruline\",\"isPartOf\":{\"@id\":\"https:\/\/spirulinedynamisee.fr\/#website\"},\"datePublished\":\"2022-03-28T14:52:11+00:00\",\"dateModified\":\"2022-11-30T10:27:56+00:00\",\"breadcrumb\":{\"@id\":\"https:\/\/spirulinedynamisee.fr\/?product=spiruline-100g#breadcrumb\"},\"inLanguage\":\"fr-FR\",\"potentialAction\":[{\"@type\":\"ReadAction\",\"target\":[\"https:\/\/spirulinedynamisee.fr\/?product=spiruline-100g\"]}]},{\"@type\":\"BreadcrumbList\",\"@id\":\"https:\/\/spirulinedynamisee.fr\/?product=spiruline-100g#breadcrumb\",\"itemListElement\":[{\"@type\":\"ListItem\",\"position\":1,\"name\":\"Accueil\",\"item\":\"https:\/\/spirulinedynamisee.fr\/\"},{\"@type\":\"ListItem\",\"position\":2,\"name\":\"\ud83d\udc41 Spiruline (100g)\"}]},{\"@type\":\"WebSite\",\"@id\":\"https:\/\/spirulinedynamisee.fr\/#website\",\"url\":\"https:\/\/spirulinedynamisee.fr\/\",\"name\":\"Spiruline\",\"description\":\"Domaine Valetou 11270 La Cassaigne\",\"publisher\":{\"@id\":\"https:\/\/spirulinedynamisee.fr\/#organization\"},\"potentialAction\":[{\"@type\":\"SearchAction\",\"target\":{\"@type\":\"EntryPoint\",\"urlTemplate\":\"https:\/\/spirulinedynamisee.fr\/?s={search_term_string}\"},\"query-input\":\"required name=search_term_string\"}],\"inLanguage\":\"fr-FR\"},{\"@type\":\"Organization\",\"@id\":\"https:\/\/spirulinedynamisee.fr\/#organization\",\"name\":\"Spiruline\",\"url\":\"https:\/\/spirulinedynamisee.fr\/\",\"logo\":{\"@type\":\"ImageObject\",\"inLanguage\":\"fr-FR\",\"@id\":\"https:\/\/spirulinedynamisee.fr\/#\/schema\/logo\/image\/\",\"url\":\"https:\/\/spirulinedynamisee.fr\/wp-content\/uploads\/2021\/06\/cropped-Favicon-e1668691589587.png\",\"contentUrl\":\"https:\/\/spirulinedynamisee.fr\/wp-content\/uploads\/2021\/06\/cropped-Favicon-e1668691589587.png\",\"width\":50,\"height\":50,\"caption\":\"Spiruline\"},\"image\":{\"@id\":\"https:\/\/spirulinedynamisee.fr\/#\/schema\/logo\/image\/\"}}]}<\/script>\n<!-- \/ Yoast SEO plugin. -->","yoast_head_json":{"title":"\ud83d\udc41 Spiruline (100g) - Spiruline","robots":{"index":"index","follow":"follow","max-snippet":"max-snippet:-1","max-image-preview":"max-image-preview:large","max-video-preview":"max-video-preview:-1"},"canonical":"https:\/\/spirulinedynamisee.fr\/?product=spiruline-100g","og_locale":"fr_FR","og_type":"article","og_title":"\ud83d\udc41 Spiruline (100g) - Spiruline","og_description":"1 sachet de 100g de Spiruline dynamis\u00e9e en paillette Fran\u00e7aise\u00a0de haute qualit\u00e9, 100% naturelle, cultiv\u00e9e, s\u00e9ch\u00e9e et conditionn\u00e9e \u00e0 la Ferme. Livr\u00e9e dans un sachet de protection refermable.","og_url":"https:\/\/spirulinedynamisee.fr\/?product=spiruline-100g","og_site_name":"Spiruline","article_modified_time":"2022-11-30T10:27:56+00:00","og_image":[{"width":500,"height":667,"url":"https:\/\/spirulinedynamisee.fr\/wp-content\/uploads\/2022\/03\/spiruline_paillettes_100g-scaled-e1668693459871.jpg","type":"image\/jpeg"}],"twitter_card":"summary_large_image","twitter_misc":{"Dur\u00e9e de lecture estim\u00e9e":"1 minute"},"schema":{"@context":"https:\/\/schema.org","@graph":[{"@type":"WebPage","@id":"https:\/\/spirulinedynamisee.fr\/?product=spiruline-100g","url":"https:\/\/spirulinedynamisee.fr\/?product=spiruline-100g","name":"\ud83d\udc41 Spiruline (100g) - Spiruline","isPartOf":{"@id":"https:\/\/spirulinedynamisee.fr\/#website"},"datePublished":"2022-03-28T14:52:11+00:00","dateModified":"2022-11-30T10:27:56+00:00","breadcrumb":{"@id":"https:\/\/spirulinedynamisee.fr\/?product=spiruline-100g#breadcrumb"},"inLanguage":"fr-FR","potentialAction":[{"@type":"ReadAction","target":["https:\/\/spirulinedynamisee.fr\/?product=spiruline-100g"]}]},{"@type":"BreadcrumbList","@id":"https:\/\/spirulinedynamisee.fr\/?product=spiruline-100g#breadcrumb","itemListElement":[{"@type":"ListItem","position":1,"name":"Accueil","item":"https:\/\/spirulinedynamisee.fr\/"},{"@type":"ListItem","position":2,"name":"\ud83d\udc41 Spiruline (100g)"}]},{"@type":"WebSite","@id":"https:\/\/spirulinedynamisee.fr\/#website","url":"https:\/\/spirulinedynamisee.fr\/","name":"Spiruline","description":"Domaine Valetou 11270 La Cassaigne","publisher":{"@id":"https:\/\/spirulinedynamisee.fr\/#organization"},"potentialAction":[{"@type":"SearchAction","target":{"@type":"EntryPoint","urlTemplate":"https:\/\/spirulinedynamisee.fr\/?s={search_term_string}"},"query-input":"required name=search_term_string"}],"inLanguage":"fr-FR"},{"@type":"Organization","@id":"https:\/\/spirulinedynamisee.fr\/#organization","name":"Spiruline","url":"https:\/\/spirulinedynamisee.fr\/","logo":{"@type":"ImageObject","inLanguage":"fr-FR","@id":"https:\/\/spirulinedynamisee.fr\/#\/schema\/logo\/image\/","url":"https:\/\/spirulinedynamisee.fr\/wp-content\/uploads\/2021\/06\/cropped-Favicon-e1668691589587.png","contentUrl":"https:\/\/spirulinedynamisee.fr\/wp-content\/uploads\/2021\/06\/cropped-Favicon-e1668691589587.png","width":50,"height":50,"caption":"Spiruline"},"image":{"@id":"https:\/\/spirulinedynamisee.fr\/#\/schema\/logo\/image\/"}}]}},"jetpack_sharing_enabled":true,"_links":{"self":[{"href":"https:\/\/spirulinedynamisee.fr\/index.php?rest_route=\/wp\/v2\/product\/467","targetHints":{"allow":["GET"]}}],"collection":[{"href":"https:\/\/spirulinedynamisee.fr\/index.php?rest_route=\/wp\/v2\/product"}],"about":[{"href":"https:\/\/spirulinedynamisee.fr\/index.php?rest_route=\/wp\/v2\/types\/product"}],"wp:featuredmedia":[{"embeddable":true,"href":"https:\/\/spirulinedynamisee.fr\/index.php?rest_route=\/wp\/v2\/media\/588"}],"wp:attachment":[{"href":"https:\/\/spirulinedynamisee.fr\/index.php?rest_route=%2Fwp%2Fv2%2Fmedia&parent=467"}],"wp:term":[{"taxonomy":"product_brand","embeddable":true,"href":"https:\/\/spirulinedynamisee.fr\/index.php?rest_route=%2Fwp%2Fv2%2Fproduct_brand&post=467"},{"taxonomy":"product_cat","embeddable":true,"href":"https:\/\/spirulinedynamisee.fr\/index.php?rest_route=%2Fwp%2Fv2%2Fproduct_cat&post=467"},{"taxonomy":"product_tag","embeddable":true,"href":"https:\/\/spirulinedynamisee.fr\/index.php?rest_route=%2Fwp%2Fv2%2Fproduct_tag&post=467"}],"curies":[{"name":"wp","href":"https:\/\/api.w.org\/{rel}","templated":true}]}}